{"id":905,"date":"2019-04-02T18:39:52","date_gmt":"2019-04-02T16:39:52","guid":{"rendered":"https:\/\/www.tanzschuhe-trittau.de\/?page_id=905"},"modified":"2020-06-30T18:05:28","modified_gmt":"2020-06-30T16:05:28","slug":"brautschuhe","status":"publish","type":"page","link":"https:\/\/www.tanzschuhe-trittau.de\/?page_id=905","title":{"rendered":"Brautschuhe"},"content":{"rendered":"\n<p><br><\/p>\n\n\n<p>Nur mit Terminvergabe:<br>Um die richtigen Brautschuhe zu finden, bedarf es Zeit. Diese m\u00f6chten wir uns f\u00fcr Sie nehmen. Bitte vereinbaren Sie daher vorab mit uns einen Termin!<\/p>\n<p>Brautschuhe sind ein wichtiges Thema, wenn es um den sch\u00f6nsten Tag im Leben geht. Mit der Werner Kern Bridal Kollektion haben wir eine gro\u00dfe Auswahl an Brautschuhen im klassischen Wei\u00df und in extravaganten Farben wie Silber, Gold, Perl Nude, Beige, Ivory oder Rot. Jedes einzelne Paar wird sorgf\u00e4ltig handgefertigt. Da Werner Kern Hochzeitsschuhe eigentlich Tanzschuhe sind und besonders bequeme Eigenschaften aufweisen, sind Sie perfekt f\u00fcr Ihren Hochzeitstag ausgestattet.<\/p>\n<div id='gallery-1' class='gallery galleryid-905 gallery-columns-1 gallery-size-medium'><figure class='gallery-item'>\n\t\t\t<div class='gallery-icon landscape'>\n\t\t\t\t<a href='https:\/\/www.tanzschuhe-trittau.de\/?attachment_id=968'><img loading=\"lazy\" decoding=\"async\" width=\"300\" height=\"266\" src=\"https:\/\/www.tanzschuhe-trittau.de\/wp-content\/uploads\/2019\/04\/betty65_satinweiss-300x266.jpg\" class=\"attachment-medium size-medium\" alt=\"\" srcset=\"https:\/\/www.tanzschuhe-trittau.de\/wp-content\/uploads\/2019\/04\/betty65_satinweiss-300x266.jpg 300w, https:\/\/www.tanzschuhe-trittau.de\/wp-content\/uploads\/2019\/04\/betty65_satinweiss-150x133.jpg 150w, https:\/\/www.tanzschuhe-trittau.de\/wp-content\/uploads\/2019\/04\/betty65_satinweiss.jpg 541w\" sizes=\"auto, (max-width: 300px) 100vw, 300px\" \/><\/a>\n\t\t\t<\/div><\/figure><figure class='gallery-item'>\n\t\t\t<div class='gallery-icon landscape'>\n\t\t\t\t<a href='https:\/\/www.tanzschuhe-trittau.de\/?attachment_id=369'><img loading=\"lazy\" decoding=\"async\" width=\"300\" height=\"193\" src=\"https:\/\/www.tanzschuhe-trittau.de\/wp-content\/uploads\/2017\/04\/ashley6_satinwhite-300x193.jpg\" class=\"attachment-medium size-medium\" alt=\"\" srcset=\"https:\/\/www.tanzschuhe-trittau.de\/wp-content\/uploads\/2017\/04\/ashley6_satinwhite-300x193.jpg 300w, https:\/\/www.tanzschuhe-trittau.de\/wp-content\/uploads\/2017\/04\/ashley6_satinwhite-150x97.jpg 150w, https:\/\/www.tanzschuhe-trittau.de\/wp-content\/uploads\/2017\/04\/ashley6_satinwhite.jpg 750w\" sizes=\"auto, (max-width: 300px) 100vw, 300px\" \/><\/a>\n\t\t\t<\/div><\/figure><figure class='gallery-item'>\n\t\t\t<div class='gallery-icon landscape'>\n\t\t\t\t<a href='https:\/\/www.tanzschuhe-trittau.de\/?attachment_id=372'><img loading=\"lazy\" decoding=\"async\" width=\"300\" height=\"229\" src=\"https:\/\/www.tanzschuhe-trittau.de\/wp-content\/uploads\/2017\/04\/july65_satinwhite-300x229.jpg\" class=\"attachment-medium size-medium\" alt=\"\" srcset=\"https:\/\/www.tanzschuhe-trittau.de\/wp-content\/uploads\/2017\/04\/july65_satinwhite-300x229.jpg 300w, https:\/\/www.tanzschuhe-trittau.de\/wp-content\/uploads\/2017\/04\/july65_satinwhite-150x114.jpg 150w, https:\/\/www.tanzschuhe-trittau.de\/wp-content\/uploads\/2017\/04\/july65_satinwhite.jpg 750w\" sizes=\"auto, (max-width: 300px) 100vw, 300px\" \/><\/a>\n\t\t\t<\/div><\/figure><figure class='gallery-item'>\n\t\t\t<div class='gallery-icon landscape'>\n\t\t\t\t<a href='https:\/\/www.tanzschuhe-trittau.de\/?attachment_id=919'><img loading=\"lazy\" decoding=\"async\" width=\"300\" height=\"239\" src=\"https:\/\/www.tanzschuhe-trittau.de\/wp-content\/uploads\/2019\/04\/paris6-300x239.jpg\" class=\"attachment-medium size-medium\" alt=\"\" srcset=\"https:\/\/www.tanzschuhe-trittau.de\/wp-content\/uploads\/2019\/04\/paris6-300x239.jpg 300w, https:\/\/www.tanzschuhe-trittau.de\/wp-content\/uploads\/2019\/04\/paris6-150x120.jpg 150w, https:\/\/www.tanzschuhe-trittau.de\/wp-content\/uploads\/2019\/04\/paris6.jpg 602w\" sizes=\"auto, (max-width: 300px) 100vw, 300px\" \/><\/a>\n\t\t\t<\/div><\/figure><figure class='gallery-item'>\n\t\t\t<div class='gallery-icon landscape'>\n\t\t\t\t<a href='https:\/\/www.tanzschuhe-trittau.de\/?attachment_id=370'><img loading=\"lazy\" decoding=\"async\" width=\"300\" height=\"224\" src=\"https:\/\/www.tanzschuhe-trittau.de\/wp-content\/uploads\/2017\/04\/patty55_satinweiss-300x224.jpg\" class=\"attachment-medium size-medium\" alt=\"\" srcset=\"https:\/\/www.tanzschuhe-trittau.de\/wp-content\/uploads\/2017\/04\/patty55_satinweiss-300x224.jpg 300w, https:\/\/www.tanzschuhe-trittau.de\/wp-content\/uploads\/2017\/04\/patty55_satinweiss-150x112.jpg 150w, https:\/\/www.tanzschuhe-trittau.de\/wp-content\/uploads\/2017\/04\/patty55_satinweiss.jpg 750w\" sizes=\"auto, (max-width: 300px) 100vw, 300px\" \/><\/a>\n\t\t\t<\/div><\/figure><figure class='gallery-item'>\n\t\t\t<div class='gallery-icon landscape'>\n\t\t\t\t<a href='https:\/\/www.tanzschuhe-trittau.de\/?attachment_id=371'><img loading=\"lazy\" decoding=\"async\" width=\"300\" height=\"191\" src=\"https:\/\/www.tanzschuhe-trittau.de\/wp-content\/uploads\/2017\/04\/felice34_satinweiss-300x191.jpg\" class=\"attachment-medium size-medium\" alt=\"\" srcset=\"https:\/\/www.tanzschuhe-trittau.de\/wp-content\/uploads\/2017\/04\/felice34_satinweiss-300x191.jpg 300w, https:\/\/www.tanzschuhe-trittau.de\/wp-content\/uploads\/2017\/04\/felice34_satinweiss-150x96.jpg 150w, https:\/\/www.tanzschuhe-trittau.de\/wp-content\/uploads\/2017\/04\/felice34_satinweiss.jpg 750w\" sizes=\"auto, (max-width: 300px) 100vw, 300px\" \/><\/a>\n\t\t\t<\/div><\/figure><figure class='gallery-item'>\n\t\t\t<div class='gallery-icon landscape'>\n\t\t\t\t<a href='https:\/\/www.tanzschuhe-trittau.de\/?attachment_id=918'><img loading=\"lazy\" decoding=\"async\" width=\"300\" height=\"241\" src=\"https:\/\/www.tanzschuhe-trittau.de\/wp-content\/uploads\/2019\/04\/francis65_satinwhite-300x241.jpg\" class=\"attachment-medium size-medium\" alt=\"\" srcset=\"https:\/\/www.tanzschuhe-trittau.de\/wp-content\/uploads\/2019\/04\/francis65_satinwhite-300x241.jpg 300w, https:\/\/www.tanzschuhe-trittau.de\/wp-content\/uploads\/2019\/04\/francis65_satinwhite-150x121.jpg 150w, https:\/\/www.tanzschuhe-trittau.de\/wp-content\/uploads\/2019\/04\/francis65_satinwhite.jpg 597w\" sizes=\"auto, (max-width: 300px) 100vw, 300px\" \/><\/a>\n\t\t\t<\/div><\/figure><figure class='gallery-item'>\n\t\t\t<div class='gallery-icon landscape'>\n\t\t\t\t<a href='https:\/\/www.tanzschuhe-trittau.de\/?attachment_id=920'><img loading=\"lazy\" decoding=\"async\" width=\"300\" height=\"230\" src=\"https:\/\/www.tanzschuhe-trittau.de\/wp-content\/uploads\/2019\/04\/rita55_satinwhite-300x230.jpg\" class=\"attachment-medium size-medium\" alt=\"\" srcset=\"https:\/\/www.tanzschuhe-trittau.de\/wp-content\/uploads\/2019\/04\/rita55_satinwhite-300x230.jpg 300w, https:\/\/www.tanzschuhe-trittau.de\/wp-content\/uploads\/2019\/04\/rita55_satinwhite-150x115.jpg 150w, https:\/\/www.tanzschuhe-trittau.de\/wp-content\/uploads\/2019\/04\/rita55_satinwhite.jpg 626w\" sizes=\"auto, (max-width: 300px) 100vw, 300px\" \/><\/a>\n\t\t\t<\/div><\/figure>\n\t\t<\/div>\n\n\n\n<p><\/p>\n","protected":false},"excerpt":{"rendered":"<p>Nur mit Terminvergabe:Um die richtigen Brautschuhe zu finden, bedarf es Zeit. Diese m\u00f6chten wir uns f\u00fcr Sie nehmen. Bitte vereinbaren Sie daher vorab mit uns einen Termin! Brautschuhe sind ein wichtiges Thema, wenn es um den sch\u00f6nsten Tag im Leben geht. Mit der Werner Kern Bridal Kollektion haben wir eine gro\u00dfe Auswahl an Brautschuhen im &hellip; <a href=\"https:\/\/www.tanzschuhe-trittau.de\/?page_id=905\" class=\"more-link\"><span class=\"screen-reader-text\">Brautschuhe<\/span> weiterlesen <span class=\"meta-nav\">&rarr;<\/span><\/a><\/p>\n","protected":false},"author":2,"featured_media":0,"parent":22,"menu_order":5,"comment_status":"closed","ping_status":"closed","template":"","meta":{"footnotes":""},"class_list":["post-905","page","type-page","status-publish","hentry"],"_links":{"self":[{"href":"https:\/\/www.tanzschuhe-trittau.de\/index.php?rest_route=\/wp\/v2\/pages\/905","targetHints":{"allow":["GET"]}}],"collection":[{"href":"https:\/\/www.tanzschuhe-trittau.de\/index.php?rest_route=\/wp\/v2\/pages"}],"about":[{"href":"https:\/\/www.tanzschuhe-trittau.de\/index.php?rest_route=\/wp\/v2\/types\/page"}],"author":[{"embeddable":true,"href":"https:\/\/www.tanzschuhe-trittau.de\/index.php?rest_route=\/wp\/v2\/users\/2"}],"replies":[{"embeddable":true,"href":"https:\/\/www.tanzschuhe-trittau.de\/index.php?rest_route=%2Fwp%2Fv2%2Fcomments&post=905"}],"version-history":[{"count":6,"href":"https:\/\/www.tanzschuhe-trittau.de\/index.php?rest_route=\/wp\/v2\/pages\/905\/revisions"}],"predecessor-version":[{"id":1105,"href":"https:\/\/www.tanzschuhe-trittau.de\/index.php?rest_route=\/wp\/v2\/pages\/905\/revisions\/1105"}],"up":[{"embeddable":true,"href":"https:\/\/www.tanzschuhe-trittau.de\/index.php?rest_route=\/wp\/v2\/pages\/22"}],"wp:attachment":[{"href":"https:\/\/www.tanzschuhe-trittau.de\/index.php?rest_route=%2Fwp%2Fv2%2Fmedia&parent=905"}],"curies":[{"name":"wp","href":"https:\/\/api.w.org\/{rel}","templated":true}]}}