{"id":55,"date":"2015-03-06T16:16:29","date_gmt":"2015-03-06T15:16:29","guid":{"rendered":"https:\/\/www.tanzschuhe-trittau.de\/wordpress\/?page_id=55"},"modified":"2026-03-30T13:11:53","modified_gmt":"2026-03-30T11:11:53","slug":"55-2","status":"publish","type":"page","link":"https:\/\/www.tanzschuhe-trittau.de\/","title":{"rendered":""},"content":{"rendered":"\n<h2 class=\"wp-block-heading\">Wir haben das Zeug zum Tanzen!<\/h2>\n\n\n\n<p><strong>Der Tanzschuhladen in Trittau hei\u00dft Sie herzlich willkommen.<\/strong><br>Als gr\u00f6\u00dfter Anbieter in und um Hamburg und ganz Schleswig-Holstein mit Tanzschuhen von Werner Kern finden Sie hier einen Auszug unseres vielf\u00e4ltigen Angebots. Viel Spa\u00df beim St\u00f6bern.<br>Sie haben Fragen oder Lust auf mehr? Besuchen Sie uns und wir beraten Sie pers\u00f6nlich. Parkpl\u00e4tze sind ausreichend vorhanden.<\/p>\n\n\n\n<p class=\"has-green-color has-text-color has-link-color wp-elements-4658902a1d14ff0c21463e08476e3da6\">Vom 03.04. &#8211; 14.04.2026 ist der Tanzschuhladen geschlossen. Danach sind wir wie gewohnt f\u00fcr Sie da.<\/p>\n\n\n\n<p class=\"has-green-color has-text-color has-link-color wp-elements-dc97e4d5a82a5d9cc6ae4f2ca0729b81\">Wir w\u00fcnschen eine frohe Osterzeit!<\/p>\n\n\n\n<p>Wir freuen uns auf Sie!<\/p>\n\n\n\n<p><\/p>\n","protected":false},"excerpt":{"rendered":"<p>Wir haben das Zeug zum Tanzen! Der Tanzschuhladen in Trittau hei\u00dft Sie herzlich willkommen.Als gr\u00f6\u00dfter Anbieter in und um Hamburg und ganz Schleswig-Holstein mit Tanzschuhen von Werner Kern finden Sie hier einen Auszug unseres vielf\u00e4ltigen Angebots. Viel Spa\u00df beim St\u00f6bern.Sie haben Fragen oder Lust auf mehr? Besuchen Sie uns und wir beraten Sie pers\u00f6nlich. Parkpl\u00e4tze &hellip; <a href=\"https:\/\/www.tanzschuhe-trittau.de\/\" class=\"more-link\"><span class=\"screen-reader-text\"><\/span> weiterlesen <span class=\"meta-nav\">&rarr;<\/span><\/a><\/p>\n","protected":false},"author":2,"featured_media":0,"parent":0,"menu_order":0,"comment_status":"closed","ping_status":"closed","template":"","meta":{"footnotes":""},"class_list":["post-55","page","type-page","status-publish","hentry"],"_links":{"self":[{"href":"https:\/\/www.tanzschuhe-trittau.de\/index.php?rest_route=\/wp\/v2\/pages\/55","targetHints":{"allow":["GET"]}}],"collection":[{"href":"https:\/\/www.tanzschuhe-trittau.de\/index.php?rest_route=\/wp\/v2\/pages"}],"about":[{"href":"https:\/\/www.tanzschuhe-trittau.de\/index.php?rest_route=\/wp\/v2\/types\/page"}],"author":[{"embeddable":true,"href":"https:\/\/www.tanzschuhe-trittau.de\/index.php?rest_route=\/wp\/v2\/users\/2"}],"replies":[{"embeddable":true,"href":"https:\/\/www.tanzschuhe-trittau.de\/index.php?rest_route=%2Fwp%2Fv2%2Fcomments&post=55"}],"version-history":[{"count":251,"href":"https:\/\/www.tanzschuhe-trittau.de\/index.php?rest_route=\/wp\/v2\/pages\/55\/revisions"}],"predecessor-version":[{"id":1424,"href":"https:\/\/www.tanzschuhe-trittau.de\/index.php?rest_route=\/wp\/v2\/pages\/55\/revisions\/1424"}],"wp:attachment":[{"href":"https:\/\/www.tanzschuhe-trittau.de\/index.php?rest_route=%2Fwp%2Fv2%2Fmedia&parent=55"}],"curies":[{"name":"wp","href":"https:\/\/api.w.org\/{rel}","templated":true}]}}