{"id":274,"date":"2017-04-11T18:25:22","date_gmt":"2017-04-11T16:25:22","guid":{"rendered":"https:\/\/www.tanzschuhe-trittau.de\/wordpress\/?page_id=274"},"modified":"2023-08-31T11:15:46","modified_gmt":"2023-08-31T09:15:46","slug":"impressum","status":"publish","type":"page","link":"https:\/\/www.tanzschuhe-trittau.de\/?page_id=274","title":{"rendered":"Impressum"},"content":{"rendered":"<p style=\"text-align: left;\"><strong>Anschrift<br \/>\n<\/strong>Der Tanzschuhladen<br \/>\nBahnhofstra\u00dfe 25<br \/>\n22946 Trittau<br \/>\nDeutschland<\/p>\n<p style=\"text-align: left;\"><strong>Kontakt<br \/>\n<\/strong>Telefon: +49 (0) 4154-70 70 137<br \/>\nTelefax: +49 (0) 4154-70 70 138<br \/>\nE-Mail: info@tanzschuhe-trittau.de<br \/>\nInternet: www.tanzschuhe-trittau.de<\/p>\n<p><strong>Ust-Nr: DE267395416<\/strong><\/p>\n<p style=\"text-align: left;\"><strong>Inhaber<\/strong><br \/>\nFlorian Loock<\/p>\n<p style=\"text-align: left;\"><strong>Haftungsausschluss<\/strong><br \/>\nWir freuen uns \u00fcber Ihr Interesse an unserer Internetseite. Wir sind bem\u00fcht, unsere Inhalte stets aktuell zu halten und anzupassen. Dennoch weisen wir darauf hin, dass wir keine Haftung oder Garantie f\u00fcr Richtigkeit, Vollst\u00e4ndigkeit und Aktualit\u00e4t der zur Verf\u00fcgung gestellten Daten \u00fcbernehmen werden. F\u00fcr externe Links zu fremden Inhalten k\u00f6nnen wir trotz sorgf\u00e4ltiger inhaltlicher Kontrolle keine Haftung \u00fcbernehmen.Weiter weisen wir darauf hin, dass diese Internetseite von Inhalt und Aufbau her urheberrechtlich gesch\u00fctzt ist. Die enthaltenen Daten und Informationen sowie Abbildungen d\u00fcrfen nur mit unserer Zustimmung vervielf\u00e4ltigt werden.<\/p>\n<p style=\"text-align: left;\">Als Autor und Betreiber dieser Internetseite sind wir bestrebt, in allen Publikationen die Urheberrechte der verwendeten Bilder, Grafiken, Tondokumente, Videosequenzen und Texte zu beachten, von uns selbst erstellte Bilder, Grafiken, Tondokumente, Videosequenzen und Texte zu nutzen oder auf lizenzfreie Grafiken, Tondokumente, Videosequenzen und Texte zur\u00fcckzugreifen. Alle innerhalb unseres Internetangebotes genannten und ggf. durch Dritte gesch\u00fctzten Marken- und Warenzeichen unterliegen uneingeschr\u00e4nkt den Bestimmungen des jeweils g\u00fcltigen Kennzeichenrechts und den Besitzrechten der jeweiligen eingetragenen Eigent\u00fcmer. Allein aufgrund der blo\u00dfen Nennung ist nicht der Schluss zu ziehen, dass Markenzeichen nicht durch Rechte Dritter gesch\u00fctzt sind! Das Copyright f\u00fcr ver\u00f6ffentlichte, vom Betreiber selbst erstellte Objekte bleibt allein beim Betreiber der Seiten. Eine Vervielf\u00e4ltigung oder Verwendung solcher Grafiken, Tondokumente, Videosequenzen und Texte in anderen elektronischen oder gedruckten Publikationen ist ohne ausdr\u00fcckliche Zustimmung des Betreibers nicht gestattet.<\/p>\n<p style=\"text-align: left;\">Inhaltlich verantwortlich gem\u00e4\u00df \u00a7 5 TMG ist , Kontaktdaten siehe oben.<\/p>\n","protected":false},"excerpt":{"rendered":"<p>Anschrift Der Tanzschuhladen Bahnhofstra\u00dfe 25 22946 Trittau Deutschland Kontakt Telefon: +49 (0) 4154-70 70 137 Telefax: +49 (0) 4154-70 70 138 E-Mail: info@tanzschuhe-trittau.de Internet: www.tanzschuhe-trittau.de Ust-Nr: DE267395416 Inhaber Florian Loock Haftungsausschluss Wir freuen uns \u00fcber Ihr Interesse an unserer Internetseite. Wir sind bem\u00fcht, unsere Inhalte stets aktuell zu halten und anzupassen. Dennoch weisen wir darauf &hellip; <a href=\"https:\/\/www.tanzschuhe-trittau.de\/?page_id=274\" class=\"more-link\"><span class=\"screen-reader-text\">Impressum<\/span> weiterlesen <span class=\"meta-nav\">&rarr;<\/span><\/a><\/p>\n","protected":false},"author":2,"featured_media":0,"parent":0,"menu_order":2,"comment_status":"closed","ping_status":"closed","template":"","meta":{"footnotes":""},"class_list":["post-274","page","type-page","status-publish","hentry"],"_links":{"self":[{"href":"https:\/\/www.tanzschuhe-trittau.de\/index.php?rest_route=\/wp\/v2\/pages\/274","targetHints":{"allow":["GET"]}}],"collection":[{"href":"https:\/\/www.tanzschuhe-trittau.de\/index.php?rest_route=\/wp\/v2\/pages"}],"about":[{"href":"https:\/\/www.tanzschuhe-trittau.de\/index.php?rest_route=\/wp\/v2\/types\/page"}],"author":[{"embeddable":true,"href":"https:\/\/www.tanzschuhe-trittau.de\/index.php?rest_route=\/wp\/v2\/users\/2"}],"replies":[{"embeddable":true,"href":"https:\/\/www.tanzschuhe-trittau.de\/index.php?rest_route=%2Fwp%2Fv2%2Fcomments&post=274"}],"version-history":[{"count":8,"href":"https:\/\/www.tanzschuhe-trittau.de\/index.php?rest_route=\/wp\/v2\/pages\/274\/revisions"}],"predecessor-version":[{"id":1273,"href":"https:\/\/www.tanzschuhe-trittau.de\/index.php?rest_route=\/wp\/v2\/pages\/274\/revisions\/1273"}],"wp:attachment":[{"href":"https:\/\/www.tanzschuhe-trittau.de\/index.php?rest_route=%2Fwp%2Fv2%2Fmedia&parent=274"}],"curies":[{"name":"wp","href":"https:\/\/api.w.org\/{rel}","templated":true}]}}